{"id":3,"date":"2021-06-24T14:07:58","date_gmt":"2021-06-24T12:07:58","guid":{"rendered":"http:\/\/10.0.3.12\/?page_id=3"},"modified":"2021-12-29T18:25:49","modified_gmt":"2021-12-29T17:25:49","slug":"polityka-prywatnosci","status":"publish","type":"page","link":"https:\/\/nepticom.pl\/?page_id=3","title":{"rendered":"Polityka prywatno\u015bci"},"content":{"rendered":"<p>[vc_row][vc_column][vc_column_text]<\/p>\n<div style=\"height:50px\" aria-hidden=\"true\" class=\"wp-block-spacer\"><\/div>\n\n\n<h2 class=\"wp-block-heading\"><strong>Polityka Prywatno\u015bci i pliki cookie \u2013 Nepticom Sp. z.o.o<\/strong><\/h2>\n\n<p>Ochrona danych osobowych, kt\u00f3re nam powierzasz jest dla nas bardzo wa\u017cna. Dlatego dok\u0142adamy wszelkich stara\u0144 w celu zabezpieczenia Twojej prywatno\u015bci podczas korzystania z naszych us\u0142ug na www.nepticom.pl, oraz innych platformach internetowych i mobilnych, kt\u00f3rych w\u0142a\u015bcicielem jest Nepticom Sp. z o.o.<\/p>\n\n<p>W tym dokumencie przeczytasz w jaki spos\u00f3b wykorzystujemy i przetwarzamy Twoje dane osobowe (dalej jako dane) oraz jak si\u0119 z nami skontaktowa\u0107 w razie pyta\u0144 dotycz\u0105cych Twoich danych. Prezentujemy te\u017c wa\u017cne informacje o plikach cookie i podobnych stosowanych przez nas technologiach.<\/p>\n\n<p>Wszystkie informacje, kt\u00f3re przeczytasz poni\u017cej dotycz\u0105 wszystkich naszych serwis\u00f3w internetowych, aplikacji mobilnych oraz kont prowadzonych przez Nepticom Sp. z o.o., prezentowanych na portalach spo\u0142eczno\u015bciowych (dalej jako \u201eSerwisy\u201d).<\/p>\n\n<p>Co wa\u017cne, je\u015bli nie akceptujesz naszej \u201ePolityki ochrony danych osobowych i pliki cookie\u201d, prosimy o zaprzestanie korzystania z Serwisu.<\/p>\n\n<p>Je\u015bli masz jakiekolwiek sugestie lub komentarze dotycz\u0105ce tego dokumentu, wy\u015blij do nas wiadomo\u015b\u0107 na adres:&nbsp;<a href=\"mailto:rodo@nepticom.pl\">rodo@nepticom.pl<\/a>&nbsp;lub skorzystaj z formularza kontaktowego dost\u0119pnego na stronie <a href=\"http:\/\/www.nepticom.pl\">www.nepticom.pl<\/a><\/p>\n\n\n<div style=\"height:20px\" aria-hidden=\"true\" class=\"wp-block-spacer\"><\/div>\n\n\n<h3 class=\"wp-block-heading\"><strong>Kto jest odpowiedzialny za przetwarzanie danych w Serwisie?<\/strong><\/h3>\n\n<p>Administratorem Pa\u0144stwa danych osobowych jest NEPTICOM SP\u00d3\u0141KA Z OGRANICZON\u0104 ODPOWIEDZIALNO\u015aCI\u0104 z siedzib\u0105 w Olsztynie ul. Ba\u0142tycka 10\/105 (10-176 Olsztyn).<\/p>\n\n\n<div style=\"height:20px\" aria-hidden=\"true\" class=\"wp-block-spacer\"><\/div>\n\n\n<h3 class=\"wp-block-heading\"><strong>Jakiego rodzaju dane zbieramy?<\/strong><\/h3>\n\n\n<ul>\n<li>u\u017cywaj\u0105c danych logowania w serwisach, kt\u00f3rych w\u0142a\u015bcicielem jest NEPTICOM Sp. z o.o;<\/li>\n<li>u\u017cywaj\u0105c plik\u00f3w cookie lub narz\u0119dzi analitycznych i badawczych, w szczeg\u00f3lno\u015bci takich jak: Google Analytics, Facebook Pixel;<\/li>\n<li>z formularzy kontaktowych zamieszczonych w Serwisach;<\/li>\n<li>z komunikator\u00f3w dost\u0119pnych na portalach spo\u0142eczno\u015bciowych i czata, o ile wybierzesz tak\u0105 form\u0119 kontaktu z nami.<\/li>\n<\/ul>\n\n\n<div style=\"height:20px\" aria-hidden=\"true\" class=\"wp-block-spacer\"><\/div>\n\n\n<h3 class=\"wp-block-heading\"><strong>W jaki spos\u00f3b pobieramy dane?<\/strong><\/h3>\n\n\n<ul>\n<li>u\u017cywaj\u0105c danych logowania w serwisach, kt\u00f3rych w\u0142a\u015bcicielem jest NEPTICOM Sp. z o.o;<\/li>\n<li>u\u017cywaj\u0105c plik\u00f3w cookie lub narz\u0119dzi analitycznych i badawczych, w szczeg\u00f3lno\u015bci takich jak: Google Analytics, Facebook Pixel;<\/li>\n<li>z formularzy kontaktowych zamieszczonych w Serwisach;<\/li>\n<li>z komunikator\u00f3w dost\u0119pnych na portalach spo\u0142eczno\u015bciowych i czata, o ile wybierzesz tak\u0105 form\u0119 kontaktu z nami.<\/li>\n<\/ul>\n\n\n<div style=\"height:20px\" aria-hidden=\"true\" class=\"wp-block-spacer\"><\/div>\n\n\n<h3 class=\"wp-block-heading\"><strong>Do czego u\u017cywamy Twoich danych?<\/strong><\/h3>\n\n\n<ul>\n<li>do realizacji na Twoj\u0105 rzecz us\u0142ug \u015bwiadczonych drog\u0105 elektroniczn\u0105,<\/li>\n<li>do realizacji naszych us\u0142ug, z kt\u00f3rych korzystasz;<\/li>\n<li>do dostarczenia zam\u00f3wionych produkt\u00f3w lub us\u0142ug;<\/li>\n<li>do obs\u0142ugi Twojego \u017c\u0105dania, zlecenia, wniosku lub zapytania;<\/li>\n<li>do dzia\u0142a\u0144 marketingowych, tj. do przesy\u0142ania Tobie powiadomie\u0144 o produktach i us\u0142ugach;<\/li>\n<li>do cel\u00f3w analitycznych, aby poprawi\u0107 jako\u015b\u0107 Serwis\u00f3w;<\/li>\n<li>do cel\u00f3w rozwoju, naprawy lub test\u00f3w r\u00f3\u017cnych funkcjonalno\u015bci Serwis\u00f3w;<\/li>\n<\/ul>\n\n<p>Twoje dane mog\u0105 by\u0107 te\u017c przetwarzane w naszym imieniu przez podmioty, z kt\u00f3rymi wsp\u00f3\u0142pracujemy, w nast\u0119puj\u0105cych celach:<\/p>\n\n\n<ul>\n<li>realizacji naszej us\u0142ugi, z kt\u00f3rej korzystasz;<\/li>\n<li>realizacji Twojego zam\u00f3wienia i dostarczenia produkt\u00f3w lub us\u0142ug;<\/li>\n<li>realizacji wybranego przez Ciebie sposobu p\u0142atno\u015bci;<\/li>\n<li>analizy rynku i opinii;<\/li>\n<li>marketingowych.<\/li>\n<\/ul>\n\n\n<div style=\"height:20px\" aria-hidden=\"true\" class=\"wp-block-spacer\"><\/div>\n\n\n<h3 class=\"wp-block-heading\"><strong>Jak mo\u017cesz kontrolowa\u0107 przekazane przez Ciebie dane?<\/strong><\/h3>\n\n\n<ul>\n<li>masz prawo dost\u0119pu do informacji o Tobie, kt\u00f3re przechowujemy w Serwisach;<\/li>\n<li>na Twoj\u0105 pro\u015bb\u0119 dostarczymy Tobie kopi\u0119 Twoich danych, kt\u00f3re przetwarzamy;<\/li>\n<li>masz prawo do \u017c\u0105dania sprostowania (poprawienia, uzupe\u0142nienia) Twoich danych przetwarzanych w Serwisach, ograniczenia ich przetwarzania lub usuni\u0119cia;<\/li>\n<li>masz prawo do z\u0142o\u017cenia sprzeciwu wobec wykorzystywania danych na cele marketingowe, badania rynku i opinii, analizy i monitorowania w Serwisach;<\/li>\n<li>masz prawo do \u017c\u0105dania przeniesienia danych, kt\u00f3re przetwarzamy tj. mo\u017cesz je otrzyma\u0107 w ustrukturyzowanym, powszechnie u\u017cywanym formacie nadaj\u0105cym si\u0119 do odczytu maszynowego oraz masz prawo przes\u0142a\u0107 te dane innemu administratorowi. Je\u017celi jest to technicznie mo\u017cliwe, masz prawo \u017c\u0105dania, aby dane osobowe zosta\u0142y przes\u0142ane przez nas bezpo\u015brednio innemu administratorowi.<\/li>\n<\/ul>\n\n<p>Aby skorzysta\u0107 z ww. praw mo\u017cesz si\u0119 z nami kontaktowa\u0107 jak ni\u017cej.<\/p>\n\n\n<div style=\"height:20px\" aria-hidden=\"true\" class=\"wp-block-spacer\"><\/div>\n\n\n<h3 class=\"wp-block-heading\"><strong>W jaki spos\u00f3b mo\u017cesz si\u0119 z nami skontaktowa\u0107?<\/strong><\/h3>\n\n\n<ul>\n<li>pod numerem telefonu: +48 893\u00a0070 404<\/li>\n<li>mailowo pod adresami:\u00a0<a href=\"mailto:biuro@nepticom.pl\">biuro@nepticom.pl<\/a>,\u00a0<a href=\"mailto:rodo@nepticom.pl\">rodo@nepticom.pl<\/a><\/li>\n<li>poprzez formularz kontaktowy na stronie: <a href=\"http:\/\/www.nepticom.pl\">www.nepticom.pl<\/a><\/li>\n<\/ul>\n\n\n<div style=\"height:20px\" aria-hidden=\"true\" class=\"wp-block-spacer\"><\/div>\n\n\n<h2 class=\"wp-block-heading\"><strong>Pliki cookie<\/strong><\/h2>\n\n<p>Gdy korzystasz z naszych Serwis\u00f3w, gromadzimy informacje o Twojej wizycie i sposobie poruszania si\u0119 w Serwisach. W tym celu stosujemy pliki cookie. Plik cookie zawiera dane, kt\u00f3re s\u0105 umieszczone w przegl\u0105darce Twojego komputera lub urz\u0105dzenia mobilnego. Pliki cookie u\u017cywane w Serwisach wykorzystywane s\u0105 mi\u0119dzy innymi do zapami\u0119tywania Twoich preferencji czy zabezpieczenia stron internetowych oraz do bie\u017c\u0105cej optymalizacji Serwis\u00f3w dla naszych Klient\u00f3w. Niekt\u00f3re funkcjonalno\u015bci Serwis\u00f3w nie b\u0119d\u0105 dzia\u0142a\u0142y w sytuacji, gdy nie wyrazisz zgody na instalowanie plik\u00f3w cookie.<\/p>\n\n<p>Instalowanie plik\u00f3w cookie lub uzyskiwanie do nich dost\u0119pu nie powoduje zmian w Twoim urz\u0105dzeniu ani w oprogramowaniu zainstalowanym na tym urz\u0105dzeniu. Stosujemy dwa rodzaje plik\u00f3w cookie: sesyjne i trwa\u0142e. Pliki sesyjne wygasaj\u0105 po zako\u0144czonej sesji, kt\u00f3rej czas trwania i dok\u0142adne parametry wyga\u015bni\u0119cia okre\u015bla u\u017cywana przez Ciebie przegl\u0105darka oraz nasze systemy analityczne. Trwa\u0142e pliki cookie nie s\u0105 kasowane w momencie zamkni\u0119cia okna przegl\u0105darki, g\u0142\u00f3wnie po to by informacje o wyborach u\u017cytkownika nie zosta\u0142y utracone. Pliki cookie aktywne d\u0142ugookresowo wykorzystywane s\u0105, aby pom\u00f3c nam okre\u015bli\u0107 nowego i powracaj\u0105cego u\u017cytkownika Serwis\u00f3w.<\/p>\n\n<p>Dodatkowo wykorzystujemy tak\u017ce inne technologie podobne do plik\u00f3w cookie takie jak web beacons, zwane pikselami. S\u0105 to niewielkie pliki graficzne pobierane przez Tw\u00f3j komputer lub urz\u0105dzenie mobilne po otwarciu danej strony internetowej w Serwisach, za po\u015brednictwem reklamy, wiadomo\u015bci e-mail czy aplikacji mobilnej. Wykorzystujemy je po to, by zapami\u0119tywa\u0107 Twoje preferencje, a tak\u017ce do cel\u00f3w marketingowych.<\/p>\n\n<p>Niekt\u00f3re pliki cookie s\u0105 tworzone przez podmioty, z kt\u00f3rych us\u0142ug korzystamy. Stosujemy pliki cookie w celach okre\u015blonych w nawiasach:, Google Inc. (Google Analytics, Double\u00a0Click i Google Adwords), Facebook, (newsletter i wysy\u0142ka mailing\u00f3w).<\/p>\n\n\n<div style=\"height:20px\" aria-hidden=\"true\" class=\"wp-block-spacer\"><\/div>\n\n\n<h3 class=\"wp-block-heading\"><strong>Do czego wykorzystujemy pliki cookie?<\/strong><\/h3>\n\n\n<ul>\n<li>pliki cookies techniczne: niezb\u0119dne do poprawnego funkcjonowania Serwis\u00f3w, pozwalaj\u0105 na utrzymanie poprawno\u015bci wy\u015bwietlania Serwis\u00f3w w czasie sesji;<\/li>\n<li>pliki cookies analityczne: przede wszystkim do cel\u00f3w statystycznych, aby sprawdzi\u0107 jak cz\u0119sto odwiedzane s\u0105 poszczeg\u00f3lne strony Serwis\u00f3w. Dane te wykorzystujemy do optymalizacji Serwis\u00f3w pod k\u0105tem odwiedzaj\u0105cych nas u\u017cytkownik\u00f3w. Pliki te wykorzystujemy r\u00f3wnie\u017c, aby zapami\u0119tywa\u0107 spos\u00f3b korzystania przez Ciebie z Serwis\u00f3w i u\u0142atwi\u0107 Ci ich przegl\u0105danie. Dzi\u0119ki temu, mo\u017cemy lepiej dopasowa\u0107 prezentowane tre\u015bci oraz funkcjonalno\u015bci do Twoich potrzeb;<\/li>\n<li>pliki cookies marketingowe: w celach marketingowych, aby dopasowa\u0107 przekaz marketingowy w Serwisach lub innych serwisach zewn\u0119trznych do Twoich preferencji. Umo\u017cliwiaj\u0105 tak\u017ce ograniczenie liczby reklam produkt\u00f3w i us\u0142ug, z kt\u00f3rymi ju\u017c wcze\u015bniej mia\u0142e\u015b styczno\u015b\u0107;<\/li>\n<li>pliki cookies spo\u0142eczno\u015bciowe: w celach marketingowych, aby dopasowa\u0107 przekaz marketingowy w serwisach spo\u0142eczno\u015bciowych do Twoich preferencji. Dla przyk\u0142adu, pozwol\u0105 one na wy\u015bwietlenie reklam produkt\u00f3w i us\u0142ug NEPTICOM podczas korzystania przez Ciebie z innych serwis\u00f3w lub medi\u00f3w spo\u0142eczno\u015bciowych. Umo\u017cliwiaj\u0105 tak\u017ce ograniczenie liczby reklam produkt\u00f3w i us\u0142ug, z kt\u00f3rymi ju\u017c wcze\u015bniej mia\u0142e\u015b\/mia\u0142a\u015b styczno\u015b\u0107;<\/li>\n<\/ul>\n\n\n<div style=\"height:20px\" aria-hidden=\"true\" class=\"wp-block-spacer\"><\/div>\n\n\n<h3 class=\"wp-block-heading\"><strong>W jaki spos\u00f3b mo\u017cesz nie wyrazi\u0107 zgody na instalowanie plik\u00f3w cookie za pomoc\u0105 ustawie\u0144 przegl\u0105darki?<\/strong><\/h3>\n\n<p>Zdecydowana wi\u0119kszo\u015b\u0107 przegl\u0105darek domy\u015blnie akceptuje pliki cookie w celu zapewnienia u\u017cytkownikom wygody korzystania ze stron internetowych i niezak\u0142\u00f3conego wy\u015bwietlania ich zawarto\u015bci.<\/p>\n\n<p>Je\u015bli nie chcesz, by pliki cookie by\u0142y instalowane na Twoim urz\u0105dzeniu, mo\u017cesz nie wyrazi\u0107 zgody na instalowanie plik\u00f3w cookie w nast\u0119puj\u0105cy spos\u00f3b:<\/p>\n\n\n<ul>\n<li>W przegl\u0105darce Internet Explorer nale\u017cy: wybra\u0107 z menu g\u0142\u00f3wnego pozycj\u0119 \u201eNarz\u0119dzia\/Opcje internetowe\u201d, a nast\u0119pnie w sekcji \u201ePrywatno\u015b\u0107\u201d zaznaczy\u0107 \u201eZaawansowane\u201d i wy\u0142\u0105czy\u0107 pliki cookies.<\/li>\n<li>W przegl\u0105darce Mozilla Firefox nale\u017cy: wybra\u0107 z menu pozycj\u0119 \u201eNarz\u0119dzia\u201d, a nast\u0119pnie pozycj\u0119 \u201eOpcje\u201d i okre\u015bli\u0107 poziom prywatno\u015bci w sekcji \u201ePrywatno\u015b\u0107\u201d.<\/li>\n<li>W przegl\u0105darce Opera nale\u017cy: wybra\u0107 z menu pozycj\u0119 \u201eNarz\u0119dzia\u201d a nast\u0119pnie z pozycji \u201ePreferencje\u201d wybra\u0107 \u201eZaawansowane\u201d, a potem \u201eCiasteczka\u201d.<\/li>\n<li>W przegl\u0105darce Google Chrome nale\u017cy: z menu po prawej stronie nale\u017cy wybra\u0107 pozycj\u0119 \u201eOpcje\u201d, a nast\u0119pnie \u201eDla zaawansowanych\u201d oraz \u201eUstawienia plik\u00f3w cookies\u201d.<\/li>\n<li>W przegl\u0105darce Safari: menu Ustawienia nale\u017cy wybra\u0107 pozycj\u0119 \u201eSafari\u201d, a nast\u0119pnie w sekcji \u201ePrywatno\u015b\u0107 i ochrona\u201d wybra\u0107 \u201eBlokuj cookie\u201d.<\/li>\n<\/ul>\n\n<p>S\u0105 to przyk\u0142adowe typy przegl\u0105darek. W wi\u0119kszo\u015bci przegl\u0105darek tego typu informacje dotycz\u0105ce plik\u00f3w cookie mo\u017cna znale\u017a\u0107 w menu \u201eNarz\u0119dzia\u201d lub \u201eOpcje\u201d.<\/p>\n\n<p>Pami\u0119taj jednak, \u017ce ograniczenia w stosowaniu plik\u00f3w cookie mog\u0105 utrudni\u0107 lub uniemo\u017cliwi\u0107 korzystanie z Serwis\u00f3w.<\/p>\n\n\n<div style=\"height:20px\" aria-hidden=\"true\" class=\"wp-block-spacer\"><\/div>\n\n\n<h2 class=\"wp-block-heading\"><strong>Google Analytics<\/strong><\/h2>\n\n<p>W Serwisach wykorzystujemy narz\u0119dzie Google Analytics. do analizy zachowa\u0144 u\u017cytkownik\u00f3w. Narz\u0119dzie to zbiera dane o plikach cookie. Potrzebujemy ich przede wszystkim do cel\u00f3w statystycznych, aby sprawdzi\u0107 jak cz\u0119sto odwiedzane s\u0105 poszczeg\u00f3lne Serwisy. Dane te wykorzystujemy r\u00f3wnie\u017c do optymalizacji i rozwoju Serwis\u00f3w.<\/p>\n\n\n<div style=\"height:20px\" aria-hidden=\"true\" class=\"wp-block-spacer\"><\/div>\n\n\n<h2 class=\"wp-block-heading\"><strong>Facebook\u00a0Pixel<\/strong><\/h2>\n\n<p>W serwisach wykorzystujemy r\u00f3wnie\u017c narz\u0119dzie Facebook Pixel. Ta technologia powoduje, \u017ce serwis Facebook (Facebook Inc. z siedzib\u0105 w USA) wie, \u017ce dana osoba w nim zarejestrowana korzysta z Serwisu. Bazuje w tym wypadku na danych, wobec kt\u00f3rych sam jest administratorem, Operator nie przekazuje od siebie \u017cadnych dodatkowych danych osobowych serwisowi Facebook. Us\u0142uga bazuje na wykorzystaniu ciasteczek w urz\u0105dzeniu ko\u0144cowym u\u017cytkownika.<\/p>\n\n\n<div style=\"height:20px\" aria-hidden=\"true\" class=\"wp-block-spacer\"><\/div>\n<p>[\/vc_column_text][\/vc_column][\/vc_row]<\/p>\n","protected":false},"excerpt":{"rendered":"<p>[vc_row][vc_column][vc_column_text] Polityka Prywatno\u015bci i pliki cookie \u2013 Nepticom Sp. z.o.o Ochrona danych osobowych, kt\u00f3re nam powierzasz jest dla nas bardzo wa\u017cna. Dlatego dok\u0142adamy wszelkich stara\u0144 w celu zabezpieczenia Twojej prywatno\u015bci podczas korzystania z naszych us\u0142ug na www.nepticom.pl, oraz innych platformach internetowych i mobilnych, kt\u00f3rych w\u0142a\u015bcicielem jest Nepticom Sp. z o.o. W tym dokumencie przeczytasz w..<\/p>\n","protected":false},"author":6,"featured_media":0,"parent":0,"menu_order":0,"comment_status":"closed","ping_status":"closed","template":"template-full.php","meta":{"footnotes":""},"_links":{"self":[{"href":"https:\/\/nepticom.pl\/index.php?rest_route=\/wp\/v2\/pages\/3"}],"collection":[{"href":"https:\/\/nepticom.pl\/index.php?rest_route=\/wp\/v2\/pages"}],"about":[{"href":"https:\/\/nepticom.pl\/index.php?rest_route=\/wp\/v2\/types\/page"}],"author":[{"embeddable":true,"href":"https:\/\/nepticom.pl\/index.php?rest_route=\/wp\/v2\/users\/6"}],"replies":[{"embeddable":true,"href":"https:\/\/nepticom.pl\/index.php?rest_route=%2Fwp%2Fv2%2Fcomments&post=3"}],"version-history":[{"count":17,"href":"https:\/\/nepticom.pl\/index.php?rest_route=\/wp\/v2\/pages\/3\/revisions"}],"predecessor-version":[{"id":218,"href":"https:\/\/nepticom.pl\/index.php?rest_route=\/wp\/v2\/pages\/3\/revisions\/218"}],"wp:attachment":[{"href":"https:\/\/nepticom.pl\/index.php?rest_route=%2Fwp%2Fv2%2Fmedia&parent=3"}],"curies":[{"name":"wp","href":"https:\/\/api.w.org\/{rel}","templated":true}]}}