{"id":39,"date":"2021-12-27T18:38:32","date_gmt":"2021-12-27T17:38:32","guid":{"rendered":"https:\/\/nepticom.myfiz.io\/?page_id=39"},"modified":"2021-12-30T10:08:16","modified_gmt":"2021-12-30T09:08:16","slug":"strona-glowna","status":"publish","type":"page","link":"https:\/\/nepticom.pl\/","title":{"rendered":"Strona G\u0142\u00f3wna"},"content":{"rendered":"\n<div class=\"wp-block-group is-layout-flow wp-block-group-is-layout-flow\"><div class=\"wp-block-group__inner-container\">\n<div class=\"wp-block-themepunch-revslider revslider\" data-modal=\"false\" data-slidertitle=\"Slider 1\" style=\"\">\n\t\t\t<!-- START Slider 1 REVOLUTION SLIDER 6.5.6 --><p class=\"rs-p-wp-fix\"><\/p>\n\t\t\t<rs-module-wrap id=\"rev_slider_1_1_wrapper\" data-source=\"gallery\" style=\"visibility:hidden;background:transparent;padding:0;margin:0px auto;margin-top:0;margin-bottom:0;\">\n\t\t\t\t<rs-module id=\"rev_slider_1_1\" style=\"\" data-version=\"6.5.6\">\n\t\t\t\t\t<rs-slides>\n\t\t\t\t\t\t<rs-slide style=\"position: absolute;\" data-key=\"rs-1\" data-title=\"Slide\" data-anim=\"ms:300;\" data-in=\"o:0;\" data-out=\"a:false;\">\n\t\t\t\t\t\t\t<img src=\"\/\/nepticom.pl\/wp-content\/plugins\/revslider\/public\/assets\/assets\/dummy.png\" title=\"biz-background\" width=\"1920\" height=\"1000\" class=\"rev-slidebg tp-rs-img rs-lazyload\" data-lazyload=\"\/\/nepticom.pl\/wp-content\/uploads\/2021\/12\/biz-background.jpg\" data-no-retina>\n<!--\n\t\t\t\t\t\t\t--><rs-layer\n\t\t\t\t\t\t\t\tid=\"slider-1-slide-1-layer-0\" \n\t\t\t\t\t\t\t\tdata-type=\"shape\"\n\t\t\t\t\t\t\t\tdata-rsp_ch=\"on\"\n\t\t\t\t\t\t\t\tdata-xy=\"x:c;y:c;\"\n\t\t\t\t\t\t\t\tdata-text=\"w:normal;\"\n\t\t\t\t\t\t\t\tdata-dim=\"w:184px;h:184;\"\n\t\t\t\t\t\t\t\tdata-border=\"boc:rgba(255, 255, 255, 0.05);bow:8px,8px,8px,8px;bor:500px,500px,500px,500px;\"\n\t\t\t\t\t\t\t\tdata-frame_0=\"sX:0.8;sY:0.8;\"\n\t\t\t\t\t\t\t\tdata-frame_1=\"e:power4.out;st:320;sp:1000;sR:320;\"\n\t\t\t\t\t\t\t\tdata-frame_999=\"o:0;st:w;sR:7680;\"\n\t\t\t\t\t\t\t\tstyle=\"z-index:11;background-color:#0a0a0a;\"\n\t\t\t\t\t\t\t> \n\t\t\t\t\t\t\t<\/rs-layer><!--\n\n\t\t\t\t\t\t\t--><rs-layer\n\t\t\t\t\t\t\t\tid=\"slider-1-slide-1-layer-1\" \n\t\t\t\t\t\t\t\tdata-type=\"shape\"\n\t\t\t\t\t\t\t\tdata-rsp_ch=\"on\"\n\t\t\t\t\t\t\t\tdata-xy=\"x:-2500px;\"\n\t\t\t\t\t\t\t\tdata-text=\"w:normal;\"\n\t\t\t\t\t\t\t\tdata-dim=\"w:3120px;h:100%;\"\n\t\t\t\t\t\t\t\tdata-frame_1=\"sp:320;\"\n\t\t\t\t\t\t\t\tdata-frame_999=\"o:0;st:w;sR:8680;\"\n\t\t\t\t\t\t\t\tstyle=\"z-index:9;background-color:rgba(235,91,37,0.6);\"\n\t\t\t\t\t\t\t> \n\t\t\t\t\t\t\t<\/rs-layer><!--\n\n\t\t\t\t\t\t\t--><rs-layer\n\t\t\t\t\t\t\t\tid=\"slider-1-slide-1-layer-3\" \n\t\t\t\t\t\t\t\tdata-type=\"image\"\n\t\t\t\t\t\t\t\tdata-rsp_ch=\"on\"\n\t\t\t\t\t\t\t\tdata-xy=\"x:c;y:c;\"\n\t\t\t\t\t\t\t\tdata-text=\"w:normal;\"\n\t\t\t\t\t\t\t\tdata-dim=\"w:150px;h:150px;\"\n\t\t\t\t\t\t\t\tdata-frame_0=\"sX:0.8;sY:0.8;\"\n\t\t\t\t\t\t\t\tdata-frame_1=\"e:power4.out;st:320;sp:1000;sR:320;\"\n\t\t\t\t\t\t\t\tdata-frame_999=\"o:0;st:w;sR:7680;\"\n\t\t\t\t\t\t\t\tstyle=\"z-index:12;\"\n\t\t\t\t\t\t\t><img src=\"\/\/nepticom.pl\/wp-content\/plugins\/revslider\/public\/assets\/assets\/dummy.png\" class=\"tp-rs-img rs-lazyload\" width=\"300\" height=\"300\" data-lazyload=\"\/\/nepticom.pl\/wp-content\/uploads\/2021\/12\/n-white.png\" data-no-retina> \n\t\t\t\t\t\t\t<\/rs-layer><!--\n\n\t\t\t\t\t\t\t--><rs-layer\n\t\t\t\t\t\t\t\tid=\"slider-1-slide-1-layer-4\" \n\t\t\t\t\t\t\t\tdata-type=\"shape\"\n\t\t\t\t\t\t\t\tdata-rsp_ch=\"on\"\n\t\t\t\t\t\t\t\tdata-xy=\"x:c;y:c;\"\n\t\t\t\t\t\t\t\tdata-text=\"w:normal;\"\n\t\t\t\t\t\t\t\tdata-dim=\"w:200px;h:200px;\"\n\t\t\t\t\t\t\t\tdata-border=\"boc:rgba(255, 255, 255, 0.05);bow:8px,8px,8px,8px;bor:500px,500px,500px,500px;\"\n\t\t\t\t\t\t\t\tdata-frame_0=\"sX:0.8;sY:0.8;\"\n\t\t\t\t\t\t\t\tdata-frame_1=\"e:power4.out;st:320;sp:1000;sR:320;\"\n\t\t\t\t\t\t\t\tdata-frame_999=\"o:0;st:w;sR:7680;\"\n\t\t\t\t\t\t\t\tstyle=\"z-index:10;background-color:rgba(255,255,255,0.2);\"\n\t\t\t\t\t\t\t> \n\t\t\t\t\t\t\t<\/rs-layer><!--\n\n\t\t\t\t\t\t\t--><rs-layer\n\t\t\t\t\t\t\t\tid=\"slider-1-slide-1-layer-5\" \n\t\t\t\t\t\t\t\tdata-type=\"text\"\n\t\t\t\t\t\t\t\tdata-color=\"#fff\"\n\t\t\t\t\t\t\t\tdata-rsp_ch=\"on\"\n\t\t\t\t\t\t\t\tdata-xy=\"x:265px;y:c;\"\n\t\t\t\t\t\t\t\tdata-text=\"w:normal;s:35;l:35;ls:2;fw:300;\"\n\t\t\t\t\t\t\t\tdata-dim=\"minh:0px;\"\n\t\t\t\t\t\t\t\tdata-frame_0=\"x:-50;\"\n\t\t\t\t\t\t\t\tdata-frame_1=\"st:320;sp:1000;\"\n\t\t\t\t\t\t\t\tdata-frame_999=\"o:0;st:w;sR:8500;\"\n\t\t\t\t\t\t\t\tstyle=\"z-index:14;font-family:'Raleway';\"\n\t\t\t\t\t\t\t>Nepticom \n\t\t\t\t\t\t\t<\/rs-layer><!--\n\n\t\t\t\t\t\t\t--><rs-layer\n\t\t\t\t\t\t\t\tid=\"slider-1-slide-1-layer-6\" \n\t\t\t\t\t\t\t\tdata-type=\"text\"\n\t\t\t\t\t\t\t\tdata-color=\"#fff\"\n\t\t\t\t\t\t\t\tdata-rsp_ch=\"on\"\n\t\t\t\t\t\t\t\tdata-xy=\"x:742px;y:c;\"\n\t\t\t\t\t\t\t\tdata-text=\"w:normal;s:30;l:35;ls:2;fw:300;\"\n\t\t\t\t\t\t\t\tdata-dim=\"w:499px;minh:0;\"\n\t\t\t\t\t\t\t\tdata-frame_0=\"x:50;\"\n\t\t\t\t\t\t\t\tdata-frame_1=\"st:320;sp:1000;\"\n\t\t\t\t\t\t\t\tdata-frame_999=\"o:0;st:w;sR:8370;\"\n\t\t\t\t\t\t\t\tstyle=\"z-index:13;font-family:'Raleway';\"\n\t\t\t\t\t\t\t>Technologia na miar\u0119 potrzeb \n\t\t\t\t\t\t\t<\/rs-layer><!--\n-->\t\t\t\t\t\t<\/rs-slide>\n\t\t\t\t\t<\/rs-slides>\n\t\t\t\t<\/rs-module>\n\t\t\t\t<script type=\"text\/javascript\">\n\t\t\t\t\tsetREVStartSize({c: 'rev_slider_1_1',rl:[1240,1024,778,480],el:[500],gw:[1240],gh:[500],type:'hero',justify:'',layout:'fullwidth',mh:\"0\"});if (window.RS_MODULES!==undefined && window.RS_MODULES.modules!==undefined && window.RS_MODULES.modules[\"revslider11\"]!==undefined) {window.RS_MODULES.modules[\"revslider11\"].once = false;window.revapi1 = undefined;if (window.RS_MODULES.checkMinimal!==undefined) window.RS_MODULES.checkMinimal()}\n\t\t\t\t<\/script>\n\t\t\t<\/rs-module-wrap>\n\t\t\t<!-- END REVOLUTION SLIDER -->\n<\/div>\n\n\n\n<h2 class=\"has-text-align-center pt-80px wp-block-heading\" id=\"o-nas\">O nas<\/h2>\n\n\n\n<p class=\"has-text-align-center\">Nepticom to zesp\u00f3\u0142 ludzi otwartych na szukanie nieszablonowych rozwi\u0105za\u0144. Doradzamy w jaki spos\u00f3b zbudowa\u0107 w\u0142asne zasoby sprz\u0119towo-serwerowe oraz jak nimi zarz\u0105dza\u0107 w spos\u00f3b bezpieczny i optymalny mieszcz\u0105c si\u0119 w okre\u015blonym bud\u017cecie.<\/p>\n<\/div><\/div>\n\n\n\n<p class=\"has-text-align-center\">W Nepticom nie trzymamy si\u0119 utartych schemat\u00f3w. Stawiamy na niecodzienne rozwi\u0105zania, kt\u00f3re b\u0119d\u0105 jednocze\u015bnie najlepiej dopasowane do potrzeb ka\u017cdego klienta.<br>Jeste\u015bmy obok, po to by zapewni\u0107 bezpiecze\u0144stwo i nieskaziteln\u0105 jako\u015b\u0107 dzia\u0142ania zaproponowanych przez nas rozwi\u0105za\u0144.<br>Wierzymy, \u017ce je\u015bli infrastruktura informatyczna firmy dzia\u0142a sprawnie i bezawaryjnie, to ka\u017cdemu w plac\u00f3wce pracuje si\u0119 znacznie lepiej.<br>Ponadto oferujemy sprz\u0119t i oprogramowanie wiod\u0105cych producent\u00f3w, niezb\u0119dne w dzia\u0142alno\u015bci nowoczesnej firmy.<br>I w\u0142a\u015bnie dlatego nasze dzia\u0142ania s\u0105 skuteczne i ko\u0144cz\u0105 si\u0119 zadowoleniem naszych klient\u00f3w<\/p>\n\n\n\n<div class=\"wp-block-group is-layout-flow wp-block-group-is-layout-flow\"><div class=\"wp-block-group__inner-container\">\n<h2 class=\"has-text-align-center pt-80px wp-block-heading\" id=\"oferta\">Oferta<\/h2>\n\n\n\n<h3 class=\"has-text-align-center wp-block-heading\"><strong>Nepticom Sp. z o.o. \u0142\u0105czy do\u015bwiadczenia w\u0142asne i Partner\u00f3w, aby przekaza\u0107 w r\u0119ce klienta rozwi\u0105zanie skrojone idealnie na miar\u0119 potrzeb.<\/strong><\/h3>\n\n\n\n<h3 class=\"has-text-align-center wp-block-heading\"><strong>Dzi\u0119ki wsp\u00f3\u0142pracy z najlepszymi producentami z bran\u017cy IT zapewniamy profesjonalne wdro\u017cenie wi\u0119kszo\u015bci rozwi\u0105za\u0144 dost\u0119pnych na rynku.<\/strong><\/h3>\n\n\n\n<div style=\"height:25px\" aria-hidden=\"true\" class=\"wp-block-spacer\"><\/div>\n\n\n\n<div class=\"wp-block-media-text alignwide is-stacked-on-mobile\" style=\"grid-template-columns:40% auto\"><figure class=\"wp-block-media-text__media\"><img decoding=\"async\" loading=\"lazy\" width=\"300\" height=\"300\" src=\"https:\/\/nepticom.pl\/wp-content\/uploads\/2021\/12\/utrzymanie-infrastruktury.png\" alt=\"\" class=\"wp-image-205 size-full\" srcset=\"https:\/\/nepticom.pl\/wp-content\/uploads\/2021\/12\/utrzymanie-infrastruktury.png 300w, https:\/\/nepticom.pl\/wp-content\/uploads\/2021\/12\/utrzymanie-infrastruktury-150x150.png 150w, https:\/\/nepticom.pl\/wp-content\/uploads\/2021\/12\/utrzymanie-infrastruktury-100x100.png 100w\" sizes=\"(max-width: 300px) 100vw, 300px\" \/><\/figure><div class=\"wp-block-media-text__content\">\n<h2 class=\"wp-block-heading\"><strong>Utrzymanie infrastruktury<\/strong><\/h2>\n\n\n\n<div style=\"height:10px\" aria-hidden=\"true\" class=\"wp-block-spacer\"><\/div>\n\n\n\n<p>Zapewniamy kompleksow\u0105 obs\u0142ug\u0119 informatyczn\u0105, w ramach kt\u00f3rej nasz zesp\u00f3\u0142&nbsp; wykonuje wszystkie niezb\u0119dne zadania &#8211; zaczynaj\u0105c od administrowania serwerami (niezale\u017cnie od ilo\u015bci), poprzez aktualizacj\u0119 oprogramowania, backup zasob\u00f3w, wsparcie u\u017cytkownik\u00f3w, automatyzacj\u0119 proces\u00f3w, serwis oraz prowadzenie dokumentacji technicznej.<\/p>\n\n\n\n<p>Oferujemy r\u00f3wnie\u017c system sta\u0142ego monitoringu sieci, serwer\u00f3w oraz innych urz\u0105dze\u0144 znajduj\u0105cych si\u0119 w firmowej infrastrukturze. Wdra\u017camy rozwi\u0105zania o najwy\u017cszej jako\u015bci, dopasowane na podstawie zdiagnozowanych potrzeb naszych klient\u00f3w.<\/p>\n<\/div><\/div>\n\n\n\n<div class=\"wp-block-media-text alignwide has-media-on-the-right is-stacked-on-mobile\" style=\"grid-template-columns:auto 40%\"><figure class=\"wp-block-media-text__media\"><img decoding=\"async\" loading=\"lazy\" width=\"300\" height=\"300\" src=\"https:\/\/nepticom.pl\/wp-content\/uploads\/2021\/12\/bezpieczenstwo-it.png\" alt=\"\" class=\"wp-image-209 size-full\" srcset=\"https:\/\/nepticom.pl\/wp-content\/uploads\/2021\/12\/bezpieczenstwo-it.png 300w, https:\/\/nepticom.pl\/wp-content\/uploads\/2021\/12\/bezpieczenstwo-it-150x150.png 150w, https:\/\/nepticom.pl\/wp-content\/uploads\/2021\/12\/bezpieczenstwo-it-100x100.png 100w\" sizes=\"(max-width: 300px) 100vw, 300px\" \/><\/figure><div class=\"wp-block-media-text__content\">\n<h2 class=\"wp-block-heading\"><strong>Bezpiecze\u0144stwo IT<\/strong><\/h2>\n\n\n\n<div style=\"height:10px\" aria-hidden=\"true\" class=\"wp-block-spacer\"><\/div>\n\n\n\n<p>W naszej codziennej komunikacji z klientami przyj\u0119\u0142o si\u0119 sformu\u0142owanie \u201eAudyt Audytu\u201d. Wielokrotnie zdarza si\u0119, \u017ce zanim zajrzymy dok\u0142adnie w infrastruktur\u0119, lista ryzyk jest ju\u017c d\u0142uga a oczy naszych klient\u00f3w szeroko otwarte. Bezpiecze\u0144stwo wbrew pozorom to nie miliony z\u0142otych przeznaczone na sprz\u0119t i systemy. To dobry audytor, uczciwy in\u017cynier i dobry wdro\u017ceniowiec. Pomo\u017cemy w zabezpieczeniu infrastruktury zar\u00f3wno po stronie systemowej jak i sprz\u0119towej \u2013 dostarczamy wiod\u0105ce rozwi\u0105zania z zakresu bezpiecze\u0144stwa IT. Taka profilaktyka wp\u0142ynie na popraw\u0119 zabezpiecze\u0144 systemu przed potencjalnymi awariami, cyberatakami czy zdarzeniami losowymi.<\/p>\n<\/div><\/div>\n\n\n\n<div class=\"wp-block-media-text alignwide is-stacked-on-mobile\" style=\"grid-template-columns:40% auto\"><figure class=\"wp-block-media-text__media\"><img decoding=\"async\" loading=\"lazy\" width=\"300\" height=\"300\" src=\"https:\/\/nepticom.pl\/wp-content\/uploads\/2021\/12\/backup.png\" alt=\"\" class=\"wp-image-207 size-full\" srcset=\"https:\/\/nepticom.pl\/wp-content\/uploads\/2021\/12\/backup.png 300w, https:\/\/nepticom.pl\/wp-content\/uploads\/2021\/12\/backup-150x150.png 150w, https:\/\/nepticom.pl\/wp-content\/uploads\/2021\/12\/backup-100x100.png 100w\" sizes=\"(max-width: 300px) 100vw, 300px\" \/><\/figure><div class=\"wp-block-media-text__content\">\n<h2 class=\"wp-block-heading\"><strong>Backup<\/strong><\/h2>\n\n\n\n<div style=\"height:10px\" aria-hidden=\"true\" class=\"wp-block-spacer\"><\/div>\n\n\n\n<p>Jeste\u015bmy \u015bwiadomi zagro\u017ce\u0144, jakie mog\u0105 wynikn\u0105\u0107 z niemo\u017cno\u015bci odzyskania danych znajduj\u0105cych si\u0119 w infrastrukturze naszych klient\u00f3w. Brak dost\u0119pu do potrzebnych informacji mo\u017ce oznacza\u0107 powa\u017cne problemy. Dlatego dok\u0142adamy wszelkich stara\u0144, aby te informacje by\u0142y bezpieczne. Znamy wi\u0119kszo\u015b\u0107 dost\u0119pnych narz\u0119dzi do backupu dost\u0119pnych na rynku, co wi\u0119cej wiemy jak ich u\u017cy\u0107 i&nbsp; idealnie dopasowa\u0107 do potrzeb klienta. Bo nie zawsze zrobiony backup da si\u0119 odtworzy\u0107\u2026<\/p>\n<\/div><\/div>\n\n\n\n<div class=\"wp-block-media-text alignwide has-media-on-the-right is-stacked-on-mobile\" style=\"grid-template-columns:auto 40%\"><figure class=\"wp-block-media-text__media\"><img decoding=\"async\" loading=\"lazy\" width=\"300\" height=\"300\" src=\"https:\/\/nepticom.pl\/wp-content\/uploads\/2021\/12\/doradztwo-technologiczne.png\" alt=\"\" class=\"wp-image-211 size-full\" srcset=\"https:\/\/nepticom.pl\/wp-content\/uploads\/2021\/12\/doradztwo-technologiczne.png 300w, https:\/\/nepticom.pl\/wp-content\/uploads\/2021\/12\/doradztwo-technologiczne-150x150.png 150w, https:\/\/nepticom.pl\/wp-content\/uploads\/2021\/12\/doradztwo-technologiczne-100x100.png 100w\" sizes=\"(max-width: 300px) 100vw, 300px\" \/><\/figure><div class=\"wp-block-media-text__content\">\n<h2 class=\"wp-block-heading\"><strong><strong><strong>Doradztwo technologiczne<\/strong><\/strong><\/strong><\/h2>\n\n\n\n<div style=\"height:10px\" aria-hidden=\"true\" class=\"wp-block-spacer\"><\/div>\n\n\n\n<p>Dzi\u0119ki naszemu do\u015bwiadczeniu oraz nieustannemu ws\u0142uchiwaniu si\u0119 w potrzeby klient\u00f3w doskonale wiemy czym warto si\u0119 zainteresowa\u0107, jakiego sprz\u0119tu u\u017cy\u0107 oraz na jakiej oprze\u0107 to technologii. W zwi\u0105zku z tym oferujemy fachowe doradztwo, kt\u00f3re pomo\u017ce zniwelowa\u0107 potencjalne straty ju\u017c na samym pocz\u0105tku projektu.<\/p>\n\n\n\n<p>Na \u017cyczenie naszych klient\u00f3w pomagamy w przygotowaniu szacunku warto\u015bci zam\u00f3wienia. Wystarczy si\u0119 z nami skontaktowa\u0107 &#8211; ch\u0119tnie pomo\u017cemy.<\/p>\n<\/div><\/div>\n\n\n\n<div class=\"wp-block-media-text alignwide is-stacked-on-mobile\" style=\"grid-template-columns:40% auto\"><figure class=\"wp-block-media-text__media\"><img decoding=\"async\" loading=\"lazy\" width=\"300\" height=\"300\" src=\"https:\/\/nepticom.pl\/wp-content\/uploads\/2021\/12\/zarzadzanie-projektami.png\" alt=\"\" class=\"wp-image-213 size-full\" srcset=\"https:\/\/nepticom.pl\/wp-content\/uploads\/2021\/12\/zarzadzanie-projektami.png 300w, https:\/\/nepticom.pl\/wp-content\/uploads\/2021\/12\/zarzadzanie-projektami-150x150.png 150w, https:\/\/nepticom.pl\/wp-content\/uploads\/2021\/12\/zarzadzanie-projektami-100x100.png 100w\" sizes=\"(max-width: 300px) 100vw, 300px\" \/><\/figure><div class=\"wp-block-media-text__content\">\n<h2 class=\"wp-block-heading\"><strong><strong><strong>Zarz\u0105dzanie projektami IT oraz projektami szkoleniowymi<\/strong><\/strong><\/strong><\/h2>\n\n\n\n<div style=\"height:10px\" aria-hidden=\"true\" class=\"wp-block-spacer\"><\/div>\n\n\n\n<p>\u015awiadczymy tak\u017ce us\u0142ugi zarz\u0105dzania projektami informatycznymi i szkoleniowymi w zakresie:<\/p>\n\n\n\n<ul><li>okre\u015blenia potrzeb oraz doboru rozwi\u0105zania wraz z opracowaniem harmonogramu i bud\u017cetu<\/li><li>okre\u015blenia wymog\u00f3w co do personelu oraz zebrania grupy wykonawczej projektu<\/li><li>koordynowania poszczeg\u00f3lnych etap\u00f3w projektu<\/li><\/ul>\n\n\n\n<p>Posiadamy certyfikaty oraz do\u015bwiadczenie w zarz\u0105dzaniu projektami opartymi o metodyki&nbsp;<strong>Prince2<\/strong>,&nbsp;<strong>ITIL<\/strong>,&nbsp;<strong>SCRUM<\/strong><\/p>\n<\/div><\/div>\n\n\n\n<div class=\"wp-block-media-text alignwide has-media-on-the-right is-stacked-on-mobile\" style=\"grid-template-columns:auto 40%\"><figure class=\"wp-block-media-text__media\"><img decoding=\"async\" loading=\"lazy\" width=\"300\" height=\"300\" src=\"https:\/\/nepticom.pl\/wp-content\/uploads\/2021\/12\/sprzet-i-oprogramowanie.png\" alt=\"\" class=\"wp-image-215 size-full\" srcset=\"https:\/\/nepticom.pl\/wp-content\/uploads\/2021\/12\/sprzet-i-oprogramowanie.png 300w, https:\/\/nepticom.pl\/wp-content\/uploads\/2021\/12\/sprzet-i-oprogramowanie-150x150.png 150w, https:\/\/nepticom.pl\/wp-content\/uploads\/2021\/12\/sprzet-i-oprogramowanie-100x100.png 100w\" sizes=\"(max-width: 300px) 100vw, 300px\" \/><\/figure><div class=\"wp-block-media-text__content\">\n<h2 class=\"wp-block-heading\"><strong><strong><strong><strong>Sprz\u0119t i oprogramowanie<\/strong><\/strong><\/strong><\/strong><\/h2>\n\n\n\n<div style=\"height:10px\" aria-hidden=\"true\" class=\"wp-block-spacer\"><\/div>\n\n\n\n<p>Realizujemy szeroki zakres us\u0142ug technicznych, oferuj\u0105c m.in. dostaw\u0119 sprz\u0119tu zgodnie z wymogami i potrzebami naszych klient\u00f3w \u2013 g\u0142\u00f3wnie klasy enterprise, ale tak\u017ce laptop\u00f3w, stacji roboczych, podzespo\u0142\u00f3w bazowych, urz\u0105dze\u0144 sieciowych (routery, switche, access pointy) oraz urz\u0105dze\u0144 peryferyjnych (monitory, drukarki, skanery, okulary VR etc.). Realizujemy zam\u00f3wienia z dba\u0142o\u015bci\u0105 o najwy\u017csz\u0105 jako\u015b\u0107.<\/p>\n<\/div><\/div>\n\n\n\n<div class=\"wp-block-media-text alignwide is-stacked-on-mobile\" style=\"grid-template-columns:40% auto\"><figure class=\"wp-block-media-text__media\"><img decoding=\"async\" loading=\"lazy\" width=\"300\" height=\"300\" src=\"https:\/\/nepticom.pl\/wp-content\/uploads\/2021\/12\/zamowienia-publiczne.png\" alt=\"\" class=\"wp-image-214 size-full\" srcset=\"https:\/\/nepticom.pl\/wp-content\/uploads\/2021\/12\/zamowienia-publiczne.png 300w, https:\/\/nepticom.pl\/wp-content\/uploads\/2021\/12\/zamowienia-publiczne-150x150.png 150w, https:\/\/nepticom.pl\/wp-content\/uploads\/2021\/12\/zamowienia-publiczne-100x100.png 100w\" sizes=\"(max-width: 300px) 100vw, 300px\" \/><\/figure><div class=\"wp-block-media-text__content\">\n<h2 class=\"wp-block-heading\"><strong><strong><strong><strong>Zam\u00f3wienia publiczne<\/strong><\/strong><\/strong><\/strong><\/h2>\n\n\n\n<div style=\"height:10px\" aria-hidden=\"true\" class=\"wp-block-spacer\"><\/div>\n\n\n\n<p>Jednym z obszar\u00f3w naszej dzia\u0142alno\u015bci jest r\u00f3wnie\u017c wsp\u00f3\u0142praca z sektorem publicznym. Dzi\u0119ki posiadanemu do\u015bwiadczeniu mo\u017cemy zaoferowa\u0107 wsp\u00f3\u0142prac\u0119 w takich obszarach jak mi\u0119dzy innymi:<\/p>\n\n\n\n<ul><li>oszacowanie warto\u015bci zam\u00f3wienia<\/li><li>pomoc w przygotowaniu specyfikacji przedmiot\u00f3w zam\u00f3wie\u0144 z zakresu IT<\/li><li>doradztwo w zakresie Prawa Zam\u00f3wie\u0144 Publicznych&nbsp;&nbsp;<\/li><li>kompleksowe szkolenie obejmuj\u0105ce sektor zam\u00f3wie\u0144 publicznych<\/li><\/ul>\n<\/div><\/div>\n<\/div><\/div>\n\n\n\n<div class=\"wp-block-columns is-layout-flex wp-container-7 wp-block-columns-is-layout-flex\">\n<div class=\"wp-block-column is-layout-flow wp-block-column-is-layout-flow\" style=\"flex-basis:100%\">\n<h2 class=\"has-text-align-center pt-80px wp-block-heading\" id=\"partnerzy\">Nasi partnerzy<\/h2>\n\n\n\n<div class=\"wp-block-columns are-vertically-aligned-center is-layout-flex wp-container-5 wp-block-columns-is-layout-flex\">\n<div class=\"wp-block-column is-vertically-aligned-center is-layout-flow wp-block-column-is-layout-flow\">\n<div class=\"wp-block-image\"><figure class=\"aligncenter size-medium\"><img decoding=\"async\" loading=\"lazy\" width=\"300\" height=\"141\" src=\"https:\/\/nepticom.pl\/wp-content\/uploads\/2021\/12\/1920px-Fujitsu-Logo.svg-1024x481-1-300x141.png\" alt=\"\" class=\"wp-image-77\" srcset=\"https:\/\/nepticom.pl\/wp-content\/uploads\/2021\/12\/1920px-Fujitsu-Logo.svg-1024x481-1-300x141.png 300w, https:\/\/nepticom.pl\/wp-content\/uploads\/2021\/12\/1920px-Fujitsu-Logo.svg-1024x481-1-768x361.png 768w, https:\/\/nepticom.pl\/wp-content\/uploads\/2021\/12\/1920px-Fujitsu-Logo.svg-1024x481-1-600x282.png 600w, https:\/\/nepticom.pl\/wp-content\/uploads\/2021\/12\/1920px-Fujitsu-Logo.svg-1024x481-1.png 1024w\" sizes=\"(max-width: 300px) 100vw, 300px\" \/><\/figure><\/div>\n<\/div>\n\n\n\n<div class=\"wp-block-column is-vertically-aligned-center is-layout-flow wp-block-column-is-layout-flow\">\n<div class=\"wp-block-image\"><figure class=\"aligncenter size-medium\"><img decoding=\"async\" loading=\"lazy\" width=\"300\" height=\"165\" src=\"https:\/\/nepticom.pl\/wp-content\/uploads\/2021\/12\/Logo_WatchGuard_Black-300x165.png\" alt=\"\" class=\"wp-image-78\" srcset=\"https:\/\/nepticom.pl\/wp-content\/uploads\/2021\/12\/Logo_WatchGuard_Black-300x165.png 300w, https:\/\/nepticom.pl\/wp-content\/uploads\/2021\/12\/Logo_WatchGuard_Black-768x422.png 768w, https:\/\/nepticom.pl\/wp-content\/uploads\/2021\/12\/Logo_WatchGuard_Black-600x330.png 600w, https:\/\/nepticom.pl\/wp-content\/uploads\/2021\/12\/Logo_WatchGuard_Black.png 909w\" sizes=\"(max-width: 300px) 100vw, 300px\" \/><\/figure><\/div>\n<\/div>\n<\/div>\n\n\n\n<h2 class=\"has-text-align-center pt-80px wp-block-heading\" id=\"kontakt\">Formularz kontaktowy<\/h2>\n\n\n\n<p class=\"has-text-align-center\">Je\u017celi potrzebne jest wi\u0119cej informacji, prosimy o bezpo\u015bredni kontakt z naszym biurem lub wype\u0142nienie formularza kontaktowego.<br>Ch\u0119tnie odpowiemy na wszystkie pytania.<\/p>\n<\/div>\n<\/div>\n\n\n\n<div class=\"wp-block-contact-form-7-contact-form-selector\">\n<div class=\"wpcf7 no-js\" id=\"wpcf7-f61-o1\" lang=\"pl-PL\" dir=\"ltr\">\n<div class=\"screen-reader-response\"><p role=\"status\" aria-live=\"polite\" aria-atomic=\"true\"><\/p> <ul><\/ul><\/div>\n<form action=\"\/index.php?rest_route=%2Fwp%2Fv2%2Fpages%2F39#wpcf7-f61-o1\" method=\"post\" class=\"wpcf7-form init\" aria-label=\"Formularz kontaktowy\" novalidate=\"novalidate\" data-status=\"init\">\n<div style=\"display: none;\">\n<input type=\"hidden\" name=\"_wpcf7\" value=\"61\" \/>\n<input type=\"hidden\" name=\"_wpcf7_version\" value=\"5.8.1\" \/>\n<input type=\"hidden\" name=\"_wpcf7_locale\" value=\"pl_PL\" \/>\n<input type=\"hidden\" name=\"_wpcf7_unit_tag\" value=\"wpcf7-f61-o1\" \/>\n<input type=\"hidden\" name=\"_wpcf7_container_post\" value=\"0\" \/>\n<input type=\"hidden\" name=\"_wpcf7_posted_data_hash\" value=\"\" \/>\n<input type=\"hidden\" name=\"_wpcf7_recaptcha_response\" value=\"\" \/>\n<\/div>\n<p><label> Imi\u0119 i nazwisko *<br \/>\n<span class=\"wpcf7-form-control-wrap\" data-name=\"your-name\"><input size=\"40\" class=\"wpcf7-form-control wpcf7-text wpcf7-validates-as-required\" aria-required=\"true\" aria-invalid=\"false\" value=\"\" type=\"text\" name=\"your-name\" \/><\/span> <\/label>\n<\/p>\n<p><label> E-mail *<br \/>\n<span class=\"wpcf7-form-control-wrap\" data-name=\"your-email\"><input size=\"40\" class=\"wpcf7-form-control wpcf7-email wpcf7-validates-as-required wpcf7-text wpcf7-validates-as-email\" aria-required=\"true\" aria-invalid=\"false\" value=\"\" type=\"email\" name=\"your-email\" \/><\/span> <\/label>\n<\/p>\n<p><label> Twoja wiadomo\u015b\u0107<br \/>\n<span class=\"wpcf7-form-control-wrap\" data-name=\"your-message\"><textarea cols=\"40\" rows=\"10\" class=\"wpcf7-form-control wpcf7-textarea\" aria-invalid=\"false\" name=\"your-message\"><\/textarea><\/span> <\/label>\n<\/p>\n<p><span class=\"wpcf7-form-control-wrap\" data-name=\"acceptance-138\"><span class=\"wpcf7-form-control wpcf7-acceptance\"><span class=\"wpcf7-list-item\"><label><input type=\"checkbox\" name=\"acceptance-138\" value=\"1\" aria-invalid=\"false\" \/><span class=\"wpcf7-list-item-label\">Wype\u0142niaj\u0105c formularz swoimi danymi zgadzasz si\u0119 na ich przetwarzanie przez Nepticom Sp. z o.o. w celu kontaktu z Tob\u0105 na Twoj\u0105 pro\u015bb\u0119, na zasadach okre\u015blonych w <a href=\"https:\/\/nepticom.pl\/?page_id=3\">polityce prywatno\u015bci.<\/a><\/span><\/label><\/span><\/span><\/span>\n<\/p>\n<p><input class=\"wpcf7-form-control wpcf7-submit has-spinner\" type=\"submit\" value=\"Wy\u015blij\" \/>\n<\/p><div class=\"wpcf7-response-output\" aria-hidden=\"true\"><\/div>\n<\/form>\n<\/div>\n<\/div>\n","protected":false},"excerpt":{"rendered":"<p>O nas Nepticom to zesp\u00f3\u0142 ludzi otwartych na szukanie nieszablonowych rozwi\u0105za\u0144. Doradzamy w jaki spos\u00f3b zbudowa\u0107 w\u0142asne zasoby sprz\u0119towo-serwerowe oraz jak nimi zarz\u0105dza\u0107 w spos\u00f3b bezpieczny i optymalny mieszcz\u0105c si\u0119 w okre\u015blonym bud\u017cecie. W Nepticom nie trzymamy si\u0119 utartych schemat\u00f3w. Stawiamy na niecodzienne rozwi\u0105zania, kt\u00f3re b\u0119d\u0105 jednocze\u015bnie najlepiej dopasowane do potrzeb ka\u017cdego klienta.Jeste\u015bmy obok, po..<\/p>\n","protected":false},"author":7,"featured_media":0,"parent":0,"menu_order":0,"comment_status":"closed","ping_status":"closed","template":"template-full.php","meta":{"footnotes":""},"_links":{"self":[{"href":"https:\/\/nepticom.pl\/index.php?rest_route=\/wp\/v2\/pages\/39"}],"collection":[{"href":"https:\/\/nepticom.pl\/index.php?rest_route=\/wp\/v2\/pages"}],"about":[{"href":"https:\/\/nepticom.pl\/index.php?rest_route=\/wp\/v2\/types\/page"}],"author":[{"embeddable":true,"href":"https:\/\/nepticom.pl\/index.php?rest_route=\/wp\/v2\/users\/7"}],"replies":[{"embeddable":true,"href":"https:\/\/nepticom.pl\/index.php?rest_route=%2Fwp%2Fv2%2Fcomments&post=39"}],"version-history":[{"count":65,"href":"https:\/\/nepticom.pl\/index.php?rest_route=\/wp\/v2\/pages\/39\/revisions"}],"predecessor-version":[{"id":220,"href":"https:\/\/nepticom.pl\/index.php?rest_route=\/wp\/v2\/pages\/39\/revisions\/220"}],"wp:attachment":[{"href":"https:\/\/nepticom.pl\/index.php?rest_route=%2Fwp%2Fv2%2Fmedia&parent=39"}],"curies":[{"name":"wp","href":"https:\/\/api.w.org\/{rel}","templated":true}]}}